{"id":251,"date":"2024-11-20T11:43:23","date_gmt":"2024-11-20T10:43:23","guid":{"rendered":"https:\/\/digi-partner.ch\/?page_id=251"},"modified":"2025-04-04T16:25:53","modified_gmt":"2025-04-04T14:25:53","slug":"impressum","status":"publish","type":"page","link":"https:\/\/digi-partner.ch\/?page_id=251","title":{"rendered":"Impressum"},"content":{"rendered":"\n<div class=\"wp-block-columns is-layout-flex wp-container-core-columns-is-layout-9d6595d7 wp-block-columns-is-layout-flex\">\n<div class=\"wp-block-column is-layout-flow wp-block-column-is-layout-flow\">\n<h2 class=\"wp-block-heading has-neve-link-color-color has-text-color has-link-color has-medium-font-size wp-elements-4b08f305a5f43c03956b01d2aebf231f\"><strong>Kontaktadresse<\/strong><\/h2>\n\n\n\n<p>Digi-Partner Ernst Gfeller<br>Im Zwinggarten 12<br>CH-8600 D\u00fcbendorf<\/p>\n\n\n\n<h2 class=\"wp-block-heading has-neve-link-color-color has-text-color has-link-color has-medium-font-size wp-elements-c2cacda2575bb4b703767acc0bf4c172\"><strong>Vertretungsberechtige Person<\/strong><\/h2>\n\n\n\n<p>Ernst Gfeller, Founder und Gesch\u00e4ftsf\u00fchrer<\/p>\n<\/div>\n\n\n\n<div class=\"wp-block-column is-layout-flow wp-block-column-is-layout-flow\"><\/div>\n<\/div>\n\n\n\n<h2 class=\"wp-block-heading has-neve-link-color-color has-text-color has-link-color has-medium-font-size wp-elements-080f4d620b76873404fd288390b92aaf\"><strong>Nutzungsbedingungen<\/strong><\/h2>\n\n\n\n<p>Mit Zugriff auf die Website akzeptiert der Benutzer die nachfolgenden Bedingungen.<\/p>\n\n\n\n<h2 class=\"wp-block-heading has-neve-link-color-color has-text-color has-link-color has-medium-font-size wp-elements-52a0ccf5ea74c3b414a3ab2c3fc2ea06\"><strong>Haftungsausschluss<\/strong><\/h2>\n\n\n\n<p>Digi-Partner Ernst Gfeller \u00fcbernimmt keinerlei Gew\u00e4hr hinsichtlich der inhaltlichen Richtigkeit, Genauigkeit, Aktualit\u00e4t, Zuverl\u00e4ssigkeit und Vollst\u00e4ndigkeit der Informationen.<\/p>\n\n\n\n<p>Haftungsanspr\u00fcche gegen den&nbsp;Autor&nbsp;wegen Sch\u00e4den materieller oder immaterieller Art, welche aus dem Zugriff oder der Nutzung bzw. Nichtnutzung der ver\u00f6ffentlichten Informationen, durch Missbrauch der Verbindung oder durch technische St\u00f6rungen entstanden sind, werden ausgeschlossen.<\/p>\n\n\n\n<p>Alle Angebote sind freibleibend und unverbindlich. Der Herausgeber beh\u00e4lt es sich ausdr\u00fccklich vor, Teile der Seiten oder das gesamte Angebot ohne gesonderte Ank\u00fcndigung zu ver\u00e4ndern, zu erg\u00e4nzen, zu l\u00f6schen oder die Ver\u00f6ffentlichung zeitweise oder endg\u00fcltig einzustellen.<\/p>\n\n\n\n<h2 class=\"wp-block-heading has-neve-link-color-color has-text-color has-link-color has-medium-font-size wp-elements-436ff5c9757438900399c060338426b6\"><strong>Urheberrecht und Nutzungshinweise<\/strong><\/h2>\n\n\n\n<p>Die Inhalte dieser Webseite d\u00fcrfen ausschliesslich f\u00fcr den Eigengebrauch heruntergeladen oder kopiert werden. Untersagt sind s\u00e4mtliche Ver\u00e4nderungen an den Inhalten dieser Webseite sowie das (vollst\u00e4ndige oder teilweise) Reproduzieren, \u00dcbermitteln (elektronisch oder mit anderen Mitteln), Modifizieren, Verkn\u00fcpfen oder Benutzen dieser Website f\u00fcr \u00f6ffentliche gewerbliche oder andere kommerzielle Zwecke ohne vorherige schriftliche Zustimmung von Digi-Partner Ernst Gfeller oder des Drittinhabers der entsprechenden Rechte.<\/p>\n\n\n\n<h2 class=\"wp-block-heading has-neve-link-color-color has-text-color has-link-color has-medium-font-size wp-elements-391210a92e20e016e38fe74ea671557b\"><strong>Haftung f\u00fcr Links<\/strong><\/h2>\n\n\n\n<p>Verweise und Links auf Webseiten Dritter liegen ausserhalb unseres Verantwortungsbereichs. Es wird jegliche Verantwortung f\u00fcr solche Webseiten abgelehnt. Der Zugriff und die Nutzung solcher Webseiten erfolgen auf eigene Gefahr des Nutzers oder der Nutzerin.<\/p>\n\n\n<div class=\"wp-block-post-date__modified-date has-link-color wp-elements-a6cd825cd124a5be637b5c7a29185d29 wp-block-post-date has-text-color has-neve-link-hover-color-color has-small-font-size\"><time datetime=\"2025-04-04T16:25:53+02:00\">04.04.2025<\/time><\/div>","protected":false},"excerpt":{"rendered":"<p>Kontaktadresse Digi-Partner Ernst GfellerIm Zwinggarten 12CH-8600 D\u00fcbendorf Vertretungsberechtige Person Ernst Gfeller, Founder und Gesch\u00e4ftsf\u00fchrer Nutzungsbedingungen Mit Zugriff auf die Website akzeptiert der Benutzer die nachfolgenden Bedingungen. Haftungsausschluss Digi-Partner Ernst Gfeller \u00fcbernimmt keinerlei Gew\u00e4hr hinsichtlich der inhaltlichen Richtigkeit, Genauigkeit, Aktualit\u00e4t, Zuverl\u00e4ssigkeit und Vollst\u00e4ndigkeit der Informationen. Haftungsanspr\u00fcche gegen den&nbsp;Autor&nbsp;wegen Sch\u00e4den materieller oder immaterieller Art, welche aus dem&hellip;&nbsp;<a href=\"https:\/\/digi-partner.ch\/?page_id=251\" rel=\"bookmark\">Weiterlesen &raquo;<span class=\"screen-reader-text\">Impressum<\/span><\/a><\/p>\n","protected":false},"author":1,"featured_media":0,"parent":0,"menu_order":0,"comment_status":"closed","ping_status":"closed","template":"","meta":{"neve_meta_sidebar":"","neve_meta_container":"","neve_meta_enable_content_width":"","neve_meta_content_width":0,"neve_meta_title_alignment":"","neve_meta_author_avatar":"","neve_post_elements_order":"","neve_meta_disable_header":"","neve_meta_disable_footer":"","neve_meta_disable_title":"off","footnotes":""},"class_list":["post-251","page","type-page","status-publish","hentry"],"yoast_head":"<!-- This site is optimized with the Yoast SEO plugin v27.0 - https:\/\/yoast.com\/product\/yoast-seo-wordpress\/ -->\n<title>Impressum - Digi-Partner<\/title>\n<meta name=\"robots\" content=\"index, follow, max-snippet:-1, max-image-preview:large, max-video-preview:-1\" \/>\n<link rel=\"canonical\" href=\"https:\/\/digi-partner.ch\/?page_id=251\" \/>\n<meta property=\"og:locale\" content=\"de_DE\" \/>\n<meta property=\"og:type\" content=\"article\" \/>\n<meta property=\"og:title\" content=\"Impressum - Digi-Partner\" \/>\n<meta property=\"og:description\" content=\"Kontaktadresse Digi-Partner Ernst GfellerIm Zwinggarten 12CH-8600 D\u00fcbendorf Vertretungsberechtige Person Ernst Gfeller, Founder und Gesch\u00e4ftsf\u00fchrer Nutzungsbedingungen Mit Zugriff auf die Website akzeptiert der Benutzer die nachfolgenden Bedingungen. Haftungsausschluss Digi-Partner Ernst Gfeller \u00fcbernimmt keinerlei Gew\u00e4hr hinsichtlich der inhaltlichen Richtigkeit, Genauigkeit, Aktualit\u00e4t, Zuverl\u00e4ssigkeit und Vollst\u00e4ndigkeit der Informationen. Haftungsanspr\u00fcche gegen den&nbsp;Autor&nbsp;wegen Sch\u00e4den materieller oder immaterieller Art, welche aus dem&hellip;&nbsp;Weiterlesen &raquo;Impressum\" \/>\n<meta property=\"og:url\" content=\"https:\/\/digi-partner.ch\/?page_id=251\" \/>\n<meta property=\"og:site_name\" content=\"Digi-Partner\" \/>\n<meta property=\"article:modified_time\" content=\"2025-04-04T14:25:53+00:00\" \/>\n<meta property=\"og:image\" content=\"https:\/\/digi-partner.ch\/wp-content\/uploads\/2024\/11\/1-b69f62ec_transparent.png\" \/>\n\t<meta property=\"og:image:width\" content=\"1024\" \/>\n\t<meta property=\"og:image:height\" content=\"1024\" \/>\n\t<meta property=\"og:image:type\" content=\"image\/png\" \/>\n<meta name=\"twitter:card\" content=\"summary_large_image\" \/>\n<meta name=\"twitter:label1\" content=\"Gesch\u00e4tzte Lesezeit\" \/>\n\t<meta name=\"twitter:data1\" content=\"2\u00a0Minuten\" \/>\n<script type=\"application\/ld+json\" class=\"yoast-schema-graph\">{\"@context\":\"https:\/\/schema.org\",\"@graph\":[{\"@type\":\"WebPage\",\"@id\":\"https:\/\/digi-partner.ch\/?page_id=251\",\"url\":\"https:\/\/digi-partner.ch\/?page_id=251\",\"name\":\"Impressum - Digi-Partner\",\"isPartOf\":{\"@id\":\"https:\/\/digi-partner.ch\/#website\"},\"datePublished\":\"2024-11-20T10:43:23+00:00\",\"dateModified\":\"2025-04-04T14:25:53+00:00\",\"breadcrumb\":{\"@id\":\"https:\/\/digi-partner.ch\/?page_id=251#breadcrumb\"},\"inLanguage\":\"de\",\"potentialAction\":[{\"@type\":\"ReadAction\",\"target\":[\"https:\/\/digi-partner.ch\/?page_id=251\"]}]},{\"@type\":\"BreadcrumbList\",\"@id\":\"https:\/\/digi-partner.ch\/?page_id=251#breadcrumb\",\"itemListElement\":[{\"@type\":\"ListItem\",\"position\":1,\"name\":\"Startseite\",\"item\":\"https:\/\/digi-partner.ch\/\"},{\"@type\":\"ListItem\",\"position\":2,\"name\":\"Impressum\"}]},{\"@type\":\"WebSite\",\"@id\":\"https:\/\/digi-partner.ch\/#website\",\"url\":\"https:\/\/digi-partner.ch\/\",\"name\":\"Digi-Partner\",\"description\":\"F\u00fcr Privatpersonen und KMU: Beratung, Coaching, Unterst\u00fctzung, Support und Schulung\",\"publisher\":{\"@id\":\"https:\/\/digi-partner.ch\/#organization\"},\"potentialAction\":[{\"@type\":\"SearchAction\",\"target\":{\"@type\":\"EntryPoint\",\"urlTemplate\":\"https:\/\/digi-partner.ch\/?s={search_term_string}\"},\"query-input\":{\"@type\":\"PropertyValueSpecification\",\"valueRequired\":true,\"valueName\":\"search_term_string\"}}],\"inLanguage\":\"de\"},{\"@type\":\"Organization\",\"@id\":\"https:\/\/digi-partner.ch\/#organization\",\"name\":\"Digi-Partner\",\"url\":\"https:\/\/digi-partner.ch\/\",\"logo\":{\"@type\":\"ImageObject\",\"inLanguage\":\"de\",\"@id\":\"https:\/\/digi-partner.ch\/#\/schema\/logo\/image\/\",\"url\":\"https:\/\/digi-partner.ch\/wp-content\/uploads\/2024\/11\/cropped-1-b69f62ec_transparent-1.png\",\"contentUrl\":\"https:\/\/digi-partner.ch\/wp-content\/uploads\/2024\/11\/cropped-1-b69f62ec_transparent-1.png\",\"width\":200,\"height\":160,\"caption\":\"Digi-Partner\"},\"image\":{\"@id\":\"https:\/\/digi-partner.ch\/#\/schema\/logo\/image\/\"}}]}<\/script>\n<!-- \/ Yoast SEO plugin. -->","yoast_head_json":{"title":"Impressum - Digi-Partner","robots":{"index":"index","follow":"follow","max-snippet":"max-snippet:-1","max-image-preview":"max-image-preview:large","max-video-preview":"max-video-preview:-1"},"canonical":"https:\/\/digi-partner.ch\/?page_id=251","og_locale":"de_DE","og_type":"article","og_title":"Impressum - Digi-Partner","og_description":"Kontaktadresse Digi-Partner Ernst GfellerIm Zwinggarten 12CH-8600 D\u00fcbendorf Vertretungsberechtige Person Ernst Gfeller, Founder und Gesch\u00e4ftsf\u00fchrer Nutzungsbedingungen Mit Zugriff auf die Website akzeptiert der Benutzer die nachfolgenden Bedingungen. Haftungsausschluss Digi-Partner Ernst Gfeller \u00fcbernimmt keinerlei Gew\u00e4hr hinsichtlich der inhaltlichen Richtigkeit, Genauigkeit, Aktualit\u00e4t, Zuverl\u00e4ssigkeit und Vollst\u00e4ndigkeit der Informationen. Haftungsanspr\u00fcche gegen den&nbsp;Autor&nbsp;wegen Sch\u00e4den materieller oder immaterieller Art, welche aus dem&hellip;&nbsp;Weiterlesen &raquo;Impressum","og_url":"https:\/\/digi-partner.ch\/?page_id=251","og_site_name":"Digi-Partner","article_modified_time":"2025-04-04T14:25:53+00:00","og_image":[{"width":1024,"height":1024,"url":"https:\/\/digi-partner.ch\/wp-content\/uploads\/2024\/11\/1-b69f62ec_transparent.png","type":"image\/png"}],"twitter_card":"summary_large_image","twitter_misc":{"Gesch\u00e4tzte Lesezeit":"2\u00a0Minuten"},"schema":{"@context":"https:\/\/schema.org","@graph":[{"@type":"WebPage","@id":"https:\/\/digi-partner.ch\/?page_id=251","url":"https:\/\/digi-partner.ch\/?page_id=251","name":"Impressum - Digi-Partner","isPartOf":{"@id":"https:\/\/digi-partner.ch\/#website"},"datePublished":"2024-11-20T10:43:23+00:00","dateModified":"2025-04-04T14:25:53+00:00","breadcrumb":{"@id":"https:\/\/digi-partner.ch\/?page_id=251#breadcrumb"},"inLanguage":"de","potentialAction":[{"@type":"ReadAction","target":["https:\/\/digi-partner.ch\/?page_id=251"]}]},{"@type":"BreadcrumbList","@id":"https:\/\/digi-partner.ch\/?page_id=251#breadcrumb","itemListElement":[{"@type":"ListItem","position":1,"name":"Startseite","item":"https:\/\/digi-partner.ch\/"},{"@type":"ListItem","position":2,"name":"Impressum"}]},{"@type":"WebSite","@id":"https:\/\/digi-partner.ch\/#website","url":"https:\/\/digi-partner.ch\/","name":"Digi-Partner","description":"F\u00fcr Privatpersonen und KMU: Beratung, Coaching, Unterst\u00fctzung, Support und Schulung","publisher":{"@id":"https:\/\/digi-partner.ch\/#organization"},"potentialAction":[{"@type":"SearchAction","target":{"@type":"EntryPoint","urlTemplate":"https:\/\/digi-partner.ch\/?s={search_term_string}"},"query-input":{"@type":"PropertyValueSpecification","valueRequired":true,"valueName":"search_term_string"}}],"inLanguage":"de"},{"@type":"Organization","@id":"https:\/\/digi-partner.ch\/#organization","name":"Digi-Partner","url":"https:\/\/digi-partner.ch\/","logo":{"@type":"ImageObject","inLanguage":"de","@id":"https:\/\/digi-partner.ch\/#\/schema\/logo\/image\/","url":"https:\/\/digi-partner.ch\/wp-content\/uploads\/2024\/11\/cropped-1-b69f62ec_transparent-1.png","contentUrl":"https:\/\/digi-partner.ch\/wp-content\/uploads\/2024\/11\/cropped-1-b69f62ec_transparent-1.png","width":200,"height":160,"caption":"Digi-Partner"},"image":{"@id":"https:\/\/digi-partner.ch\/#\/schema\/logo\/image\/"}}]}},"_links":{"self":[{"href":"https:\/\/digi-partner.ch\/index.php?rest_route=\/wp\/v2\/pages\/251","targetHints":{"allow":["GET"]}}],"collection":[{"href":"https:\/\/digi-partner.ch\/index.php?rest_route=\/wp\/v2\/pages"}],"about":[{"href":"https:\/\/digi-partner.ch\/index.php?rest_route=\/wp\/v2\/types\/page"}],"author":[{"embeddable":true,"href":"https:\/\/digi-partner.ch\/index.php?rest_route=\/wp\/v2\/users\/1"}],"replies":[{"embeddable":true,"href":"https:\/\/digi-partner.ch\/index.php?rest_route=%2Fwp%2Fv2%2Fcomments&post=251"}],"version-history":[{"count":7,"href":"https:\/\/digi-partner.ch\/index.php?rest_route=\/wp\/v2\/pages\/251\/revisions"}],"predecessor-version":[{"id":542,"href":"https:\/\/digi-partner.ch\/index.php?rest_route=\/wp\/v2\/pages\/251\/revisions\/542"}],"wp:attachment":[{"href":"https:\/\/digi-partner.ch\/index.php?rest_route=%2Fwp%2Fv2%2Fmedia&parent=251"}],"curies":[{"name":"wp","href":"https:\/\/api.w.org\/{rel}","templated":true}]}}