{"id":414,"date":"2025-01-31T19:09:38","date_gmt":"2025-01-31T18:09:38","guid":{"rendered":"https:\/\/digi-partner.ch\/?page_id=414"},"modified":"2025-01-31T19:12:51","modified_gmt":"2025-01-31T18:12:51","slug":"it-support","status":"publish","type":"page","link":"https:\/\/digi-partner.ch\/?page_id=414","title":{"rendered":"IT-Support"},"content":{"rendered":"<div class=\"wp-block-image wp-duotone-grayscale\">\n<figure class=\"alignright size-full is-resized\"><img loading=\"lazy\" decoding=\"async\" width=\"256\" height=\"256\" src=\"https:\/\/digi-partner.ch\/wp-content\/uploads\/2024\/11\/Support-2.png\" alt=\"\" class=\"wp-image-127\" style=\"width:121px;height:auto\" srcset=\"https:\/\/digi-partner.ch\/wp-content\/uploads\/2024\/11\/Support-2.png 256w, https:\/\/digi-partner.ch\/wp-content\/uploads\/2024\/11\/Support-2-150x150.png 150w\" sizes=\"auto, (max-width: 256px) 100vw, 256px\" \/><\/figure>\n<\/div>\n\n\n<div class=\"wp-block-group has-nv-site-bg-background-color has-background\" style=\"border-radius:0px;border-top-color:var(--wp--preset--color--nv-c-2);border-top-style:solid;border-top-width:5px;border-right-style:none;border-right-width:0px;border-bottom-style:none;border-bottom-width:0px;border-left-style:none;border-left-width:0px;padding-top:var(--wp--preset--spacing--20);padding-right:var(--wp--preset--spacing--20);padding-bottom:var(--wp--preset--spacing--20);padding-left:var(--wp--preset--spacing--20)\"><div class=\"wp-block-group__inner-container is-layout-constrained wp-container-core-group-is-layout-689b0661 wp-block-group-is-layout-constrained\">\n<p class=\"has-neve-text-color-color has-text-color has-link-color has-medium-font-size wp-elements-106c7e2f8c06d11b6e8a5fd7573d9495\" style=\"border-style:none;border-width:0px;letter-spacing:0.3px\">Unser IT-Support ist Ihre Anlaufstelle f\u00fcr schnelle und kompetente Unterst\u00fctzung bei allen technischen Herausforderungen. Ob Sie als Privatperson Hilfe bei Ihrem Computer, Smartphone oder Netzwerk ben\u00f6tigen oder als KMU Ihre IT reibungslos betreiben m\u00f6chten \u2013 wir sind f\u00fcr Sie da.<\/p>\n\n\n\n<div style=\"height:20px\" aria-hidden=\"true\" class=\"wp-block-spacer\"><\/div>\n\n\n\n<p class=\"has-neve-link-color-color has-text-color has-link-color has-medium-font-size wp-elements-c23bf94bb9f8c68a7d2c94dc9f7b1b87\"><strong>F\u00fcr Privatpersonen:<\/strong><\/p>\n\n\n\n<ul class=\"wp-block-list\">\n<li class=\"has-medium-font-size\"><strong>Schnelle L\u00f6sungen:<\/strong> Hilfe bei Computerproblemen, Virenschutz, Software-Updates oder Internetverbindungen.<\/li>\n\n\n\n<li class=\"has-medium-font-size\"><strong>Ger\u00e4te einrichten:<\/strong> Unterst\u00fctzung bei der Installation und Konfiguration von PCs, Laptops, Druckern oder Smart-Home-Ger\u00e4ten.<\/li>\n\n\n\n<li class=\"has-medium-font-size\"><strong>Individuelle Beratung:<\/strong> Verst\u00e4ndliche Antworten und gezielte L\u00f6sungen f\u00fcr Ihre IT-Fragen.<\/li>\n\n\n\n<li class=\"has-medium-font-size\"><strong>Informationssicherheit \/ Datenschutz:<\/strong> Verst\u00e4ndliche Antworten und gezielte L\u00f6sungen f\u00fcr den Schutz ihrer Daten. Erg\u00e4nzt mit Handlungsanweisung bez\u00fcglich dem Umgang mit den verschiedenen Bedrohungen wie Phising, Identit\u00e4tsdiebstahl oder Umgang mit Passworten.<\/li>\n\n\n\n<li class=\"has-medium-font-size\"><strong>Effiziente Arbeitsprozesse:<\/strong> Unterst\u00fctzung bei der Optimierung Ihrer IT-Systeme und Anwendungen.<\/li>\n<\/ul>\n\n\n\n<p class=\"has-neve-link-color-color has-text-color has-link-color has-medium-font-size wp-elements-e011d5ddd5c83aeac8bdee47cb7f8915\"><strong>F\u00fcr kleine und mittelst\u00e4ndige Unternehmen:<\/strong><\/p>\n\n\n\n<ul class=\"wp-block-list has-medium-font-size\">\n<li><strong>Zuverl\u00e4ssiger IT-Betrieb:<\/strong> Proaktive Wartung und schnelle Problembehebung, damit Ihr Gesch\u00e4ft l\u00e4uft.<\/li>\n\n\n\n<li><strong>Sicherheitskonzepte:<\/strong> Schutz vor Cyberangriffen und Datenverlust durch ma\u00dfgeschneiderte Sicherheitsl\u00f6sungen.<\/li>\n<\/ul>\n\n\n\n<div style=\"height:20px\" aria-hidden=\"true\" class=\"wp-block-spacer\"><\/div>\n\n\n\n<p class=\"has-neve-text-color-color has-text-color has-link-color has-medium-font-size wp-elements-55e3158bf300844d47337ae39b5f9ae4\" style=\"letter-spacing:0.3px\">Mit unserem IT-Support stehen wir Ihnen zur Seite, wann immer Sie uns brauchen \u2013 kompetent und zuverl\u00e4ssig. Kontaktieren Sie uns, und wir k\u00fcmmern uns um Sie und Ihre IT, damit Sie das Betriebsmitteln IT h\u00fcrdenfrei nutzen k\u00f6nnen!<\/p>\n\n\n\n<p class=\"has-nv-dark-bg-color has-text-color has-link-color has-medium-font-size wp-elements-c57b4c7ed9202723c4bce824a3c472b4\"><em>Mit unserem IT-Support machen Sie sich oder Ihr Team fit f\u00fcr die digitale Zukunft \u2013 <strong>verst\u00e4ndlich und anspruchsorientiert<\/strong>. Kontaktieren Sie uns f\u00fcr ein unverbindliches Angebot!<\/em><\/p>\n\n\n\n<p class=\"has-neve-text-color-color has-text-color has-link-color has-medium-font-size wp-elements-0c7455b93e3a7d546c5bf43e1e5338df\" style=\"letter-spacing:0.3px\">F\u00fcr eine Terminvereinbarung oder ein unverbindliches Telefonat f\u00fcllen Sie unser <a href=\"https:\/\/digi-partner.ch\/?page_id=147\">Kontaktformular<\/a> aus. Wir setzen uns baldm\u00f6glichst mit Ihnen in Verbindung.<\/p>\n\n\n\n<div class=\"wp-block-buttons is-layout-flex wp-block-buttons-is-layout-flex\">\n<div class=\"wp-block-button has-custom-font-size has-small-font-size\"><a class=\"wp-block-button__link has-neve-link-color-background-color has-background wp-element-button\" href=\"https:\/\/digi-partner.ch\/\">Zur\u00fcck<\/a><\/div>\n<\/div>\n<\/div><\/div>\n\n\n\n<div class=\"wp-block-buttons is-layout-flex wp-block-buttons-is-layout-flex\"><\/div>\n","protected":false},"excerpt":{"rendered":"<p>Unser IT-Support ist Ihre Anlaufstelle f\u00fcr schnelle und kompetente Unterst\u00fctzung bei allen technischen Herausforderungen. Ob Sie als Privatperson Hilfe bei Ihrem Computer, Smartphone oder Netzwerk ben\u00f6tigen oder als KMU Ihre IT reibungslos betreiben m\u00f6chten \u2013 wir sind f\u00fcr Sie da. F\u00fcr Privatpersonen: F\u00fcr kleine und mittelst\u00e4ndige Unternehmen: Mit unserem IT-Support stehen wir Ihnen zur Seite,&hellip;&nbsp;<a href=\"https:\/\/digi-partner.ch\/?page_id=414\" rel=\"bookmark\">Weiterlesen &raquo;<span class=\"screen-reader-text\">IT-Support<\/span><\/a><\/p>\n","protected":false},"author":1,"featured_media":0,"parent":0,"menu_order":0,"comment_status":"closed","ping_status":"closed","template":"","meta":{"neve_meta_sidebar":"","neve_meta_container":"","neve_meta_enable_content_width":"","neve_meta_content_width":0,"neve_meta_title_alignment":"","neve_meta_author_avatar":"","neve_post_elements_order":"","neve_meta_disable_header":"off","neve_meta_disable_footer":"","neve_meta_disable_title":"","footnotes":""},"class_list":["post-414","page","type-page","status-publish","hentry"],"yoast_head":"<!-- This site is optimized with the Yoast SEO plugin v27.0 - https:\/\/yoast.com\/product\/yoast-seo-wordpress\/ -->\n<title>IT-Support - Unterst\u00fctzung f\u00fcr eine bestimmte Phase<\/title>\n<meta name=\"description\" content=\"Sie suchen Unterst\u00fctzung und m\u00f6chten mit einem Coach ein spezifisches Thema \u00fcber einen begrenzten Zeitraum besprechen um weiterzukommen?\" \/>\n<meta name=\"robots\" content=\"index, follow, max-snippet:-1, max-image-preview:large, max-video-preview:-1\" \/>\n<link rel=\"canonical\" href=\"https:\/\/digi-partner.ch\/?page_id=414\" \/>\n<meta property=\"og:locale\" content=\"de_DE\" \/>\n<meta property=\"og:type\" content=\"article\" \/>\n<meta property=\"og:title\" content=\"IT-Support - Unterst\u00fctzung f\u00fcr eine bestimmte Phase\" \/>\n<meta property=\"og:description\" content=\"Sie suchen Unterst\u00fctzung und m\u00f6chten mit einem Coach ein spezifisches Thema \u00fcber einen begrenzten Zeitraum besprechen um weiterzukommen?\" \/>\n<meta property=\"og:url\" content=\"https:\/\/digi-partner.ch\/?page_id=414\" \/>\n<meta property=\"og:site_name\" content=\"Digi-Partner\" \/>\n<meta property=\"article:modified_time\" content=\"2025-01-31T18:12:51+00:00\" \/>\n<meta property=\"og:image\" content=\"https:\/\/digi-partner.ch\/wp-content\/uploads\/2024\/11\/Support-2.png\" \/>\n\t<meta property=\"og:image:width\" content=\"256\" \/>\n\t<meta property=\"og:image:height\" content=\"256\" \/>\n\t<meta property=\"og:image:type\" content=\"image\/png\" \/>\n<meta name=\"twitter:card\" content=\"summary_large_image\" \/>\n<script type=\"application\/ld+json\" class=\"yoast-schema-graph\">{\"@context\":\"https:\/\/schema.org\",\"@graph\":[{\"@type\":\"WebPage\",\"@id\":\"https:\/\/digi-partner.ch\/?page_id=414\",\"url\":\"https:\/\/digi-partner.ch\/?page_id=414\",\"name\":\"IT-Support - Unterst\u00fctzung f\u00fcr eine bestimmte Phase\",\"isPartOf\":{\"@id\":\"https:\/\/digi-partner.ch\/#website\"},\"primaryImageOfPage\":{\"@id\":\"https:\/\/digi-partner.ch\/?page_id=414#primaryimage\"},\"image\":{\"@id\":\"https:\/\/digi-partner.ch\/?page_id=414#primaryimage\"},\"thumbnailUrl\":\"https:\/\/digi-partner.ch\/wp-content\/uploads\/2024\/11\/Support-2.png\",\"datePublished\":\"2025-01-31T18:09:38+00:00\",\"dateModified\":\"2025-01-31T18:12:51+00:00\",\"description\":\"Sie suchen Unterst\u00fctzung und m\u00f6chten mit einem Coach ein spezifisches Thema \u00fcber einen begrenzten Zeitraum besprechen um weiterzukommen?\",\"breadcrumb\":{\"@id\":\"https:\/\/digi-partner.ch\/?page_id=414#breadcrumb\"},\"inLanguage\":\"de\",\"potentialAction\":[{\"@type\":\"ReadAction\",\"target\":[\"https:\/\/digi-partner.ch\/?page_id=414\"]}]},{\"@type\":\"ImageObject\",\"inLanguage\":\"de\",\"@id\":\"https:\/\/digi-partner.ch\/?page_id=414#primaryimage\",\"url\":\"https:\/\/digi-partner.ch\/wp-content\/uploads\/2024\/11\/Support-2.png\",\"contentUrl\":\"https:\/\/digi-partner.ch\/wp-content\/uploads\/2024\/11\/Support-2.png\",\"width\":256,\"height\":256},{\"@type\":\"BreadcrumbList\",\"@id\":\"https:\/\/digi-partner.ch\/?page_id=414#breadcrumb\",\"itemListElement\":[{\"@type\":\"ListItem\",\"position\":1,\"name\":\"Startseite\",\"item\":\"https:\/\/digi-partner.ch\/\"},{\"@type\":\"ListItem\",\"position\":2,\"name\":\"IT-Support\"}]},{\"@type\":\"WebSite\",\"@id\":\"https:\/\/digi-partner.ch\/#website\",\"url\":\"https:\/\/digi-partner.ch\/\",\"name\":\"Digi-Partner\",\"description\":\"F\u00fcr Privatpersonen und KMU: Beratung, Coaching, Unterst\u00fctzung, Support und Schulung\",\"publisher\":{\"@id\":\"https:\/\/digi-partner.ch\/#organization\"},\"potentialAction\":[{\"@type\":\"SearchAction\",\"target\":{\"@type\":\"EntryPoint\",\"urlTemplate\":\"https:\/\/digi-partner.ch\/?s={search_term_string}\"},\"query-input\":{\"@type\":\"PropertyValueSpecification\",\"valueRequired\":true,\"valueName\":\"search_term_string\"}}],\"inLanguage\":\"de\"},{\"@type\":\"Organization\",\"@id\":\"https:\/\/digi-partner.ch\/#organization\",\"name\":\"Digi-Partner\",\"url\":\"https:\/\/digi-partner.ch\/\",\"logo\":{\"@type\":\"ImageObject\",\"inLanguage\":\"de\",\"@id\":\"https:\/\/digi-partner.ch\/#\/schema\/logo\/image\/\",\"url\":\"https:\/\/digi-partner.ch\/wp-content\/uploads\/2024\/11\/cropped-1-b69f62ec_transparent-1.png\",\"contentUrl\":\"https:\/\/digi-partner.ch\/wp-content\/uploads\/2024\/11\/cropped-1-b69f62ec_transparent-1.png\",\"width\":200,\"height\":160,\"caption\":\"Digi-Partner\"},\"image\":{\"@id\":\"https:\/\/digi-partner.ch\/#\/schema\/logo\/image\/\"}}]}<\/script>\n<!-- \/ Yoast SEO plugin. -->","yoast_head_json":{"title":"IT-Support - Unterst\u00fctzung f\u00fcr eine bestimmte Phase","description":"Sie suchen Unterst\u00fctzung und m\u00f6chten mit einem Coach ein spezifisches Thema \u00fcber einen begrenzten Zeitraum besprechen um weiterzukommen?","robots":{"index":"index","follow":"follow","max-snippet":"max-snippet:-1","max-image-preview":"max-image-preview:large","max-video-preview":"max-video-preview:-1"},"canonical":"https:\/\/digi-partner.ch\/?page_id=414","og_locale":"de_DE","og_type":"article","og_title":"IT-Support - Unterst\u00fctzung f\u00fcr eine bestimmte Phase","og_description":"Sie suchen Unterst\u00fctzung und m\u00f6chten mit einem Coach ein spezifisches Thema \u00fcber einen begrenzten Zeitraum besprechen um weiterzukommen?","og_url":"https:\/\/digi-partner.ch\/?page_id=414","og_site_name":"Digi-Partner","article_modified_time":"2025-01-31T18:12:51+00:00","og_image":[{"width":256,"height":256,"url":"https:\/\/digi-partner.ch\/wp-content\/uploads\/2024\/11\/Support-2.png","type":"image\/png"}],"twitter_card":"summary_large_image","schema":{"@context":"https:\/\/schema.org","@graph":[{"@type":"WebPage","@id":"https:\/\/digi-partner.ch\/?page_id=414","url":"https:\/\/digi-partner.ch\/?page_id=414","name":"IT-Support - Unterst\u00fctzung f\u00fcr eine bestimmte Phase","isPartOf":{"@id":"https:\/\/digi-partner.ch\/#website"},"primaryImageOfPage":{"@id":"https:\/\/digi-partner.ch\/?page_id=414#primaryimage"},"image":{"@id":"https:\/\/digi-partner.ch\/?page_id=414#primaryimage"},"thumbnailUrl":"https:\/\/digi-partner.ch\/wp-content\/uploads\/2024\/11\/Support-2.png","datePublished":"2025-01-31T18:09:38+00:00","dateModified":"2025-01-31T18:12:51+00:00","description":"Sie suchen Unterst\u00fctzung und m\u00f6chten mit einem Coach ein spezifisches Thema \u00fcber einen begrenzten Zeitraum besprechen um weiterzukommen?","breadcrumb":{"@id":"https:\/\/digi-partner.ch\/?page_id=414#breadcrumb"},"inLanguage":"de","potentialAction":[{"@type":"ReadAction","target":["https:\/\/digi-partner.ch\/?page_id=414"]}]},{"@type":"ImageObject","inLanguage":"de","@id":"https:\/\/digi-partner.ch\/?page_id=414#primaryimage","url":"https:\/\/digi-partner.ch\/wp-content\/uploads\/2024\/11\/Support-2.png","contentUrl":"https:\/\/digi-partner.ch\/wp-content\/uploads\/2024\/11\/Support-2.png","width":256,"height":256},{"@type":"BreadcrumbList","@id":"https:\/\/digi-partner.ch\/?page_id=414#breadcrumb","itemListElement":[{"@type":"ListItem","position":1,"name":"Startseite","item":"https:\/\/digi-partner.ch\/"},{"@type":"ListItem","position":2,"name":"IT-Support"}]},{"@type":"WebSite","@id":"https:\/\/digi-partner.ch\/#website","url":"https:\/\/digi-partner.ch\/","name":"Digi-Partner","description":"F\u00fcr Privatpersonen und KMU: Beratung, Coaching, Unterst\u00fctzung, Support und Schulung","publisher":{"@id":"https:\/\/digi-partner.ch\/#organization"},"potentialAction":[{"@type":"SearchAction","target":{"@type":"EntryPoint","urlTemplate":"https:\/\/digi-partner.ch\/?s={search_term_string}"},"query-input":{"@type":"PropertyValueSpecification","valueRequired":true,"valueName":"search_term_string"}}],"inLanguage":"de"},{"@type":"Organization","@id":"https:\/\/digi-partner.ch\/#organization","name":"Digi-Partner","url":"https:\/\/digi-partner.ch\/","logo":{"@type":"ImageObject","inLanguage":"de","@id":"https:\/\/digi-partner.ch\/#\/schema\/logo\/image\/","url":"https:\/\/digi-partner.ch\/wp-content\/uploads\/2024\/11\/cropped-1-b69f62ec_transparent-1.png","contentUrl":"https:\/\/digi-partner.ch\/wp-content\/uploads\/2024\/11\/cropped-1-b69f62ec_transparent-1.png","width":200,"height":160,"caption":"Digi-Partner"},"image":{"@id":"https:\/\/digi-partner.ch\/#\/schema\/logo\/image\/"}}]}},"_links":{"self":[{"href":"https:\/\/digi-partner.ch\/index.php?rest_route=\/wp\/v2\/pages\/414","targetHints":{"allow":["GET"]}}],"collection":[{"href":"https:\/\/digi-partner.ch\/index.php?rest_route=\/wp\/v2\/pages"}],"about":[{"href":"https:\/\/digi-partner.ch\/index.php?rest_route=\/wp\/v2\/types\/page"}],"author":[{"embeddable":true,"href":"https:\/\/digi-partner.ch\/index.php?rest_route=\/wp\/v2\/users\/1"}],"replies":[{"embeddable":true,"href":"https:\/\/digi-partner.ch\/index.php?rest_route=%2Fwp%2Fv2%2Fcomments&post=414"}],"version-history":[{"count":3,"href":"https:\/\/digi-partner.ch\/index.php?rest_route=\/wp\/v2\/pages\/414\/revisions"}],"predecessor-version":[{"id":419,"href":"https:\/\/digi-partner.ch\/index.php?rest_route=\/wp\/v2\/pages\/414\/revisions\/419"}],"wp:attachment":[{"href":"https:\/\/digi-partner.ch\/index.php?rest_route=%2Fwp%2Fv2%2Fmedia&parent=414"}],"curies":[{"name":"wp","href":"https:\/\/api.w.org\/{rel}","templated":true}]}}