{"id":437,"date":"2025-01-31T19:50:49","date_gmt":"2025-01-31T18:50:49","guid":{"rendered":"https:\/\/digi-partner.ch\/?page_id=437"},"modified":"2025-03-01T12:08:20","modified_gmt":"2025-03-01T11:08:20","slug":"projekte","status":"publish","type":"page","link":"https:\/\/digi-partner.ch\/?page_id=437","title":{"rendered":"Projekte"},"content":{"rendered":"<div class=\"wp-block-image wp-duotone-grayscale\">\n<figure class=\"alignright size-full is-resized\"><img loading=\"lazy\" decoding=\"async\" width=\"512\" height=\"512\" src=\"https:\/\/digi-partner.ch\/wp-content\/uploads\/2025\/03\/planning_535350.png\" alt=\"\" class=\"wp-image-464\" style=\"width:121px;height:auto\" srcset=\"https:\/\/digi-partner.ch\/wp-content\/uploads\/2025\/03\/planning_535350.png 512w, https:\/\/digi-partner.ch\/wp-content\/uploads\/2025\/03\/planning_535350-300x300.png 300w, https:\/\/digi-partner.ch\/wp-content\/uploads\/2025\/03\/planning_535350-150x150.png 150w\" sizes=\"auto, (max-width: 512px) 100vw, 512px\" \/><\/figure>\n<\/div>\n\n\n<div class=\"wp-block-group has-nv-site-bg-background-color has-background\" style=\"border-radius:0px;border-top-color:var(--wp--preset--color--nv-c-2);border-top-style:solid;border-top-width:5px;border-right-style:none;border-right-width:0px;border-bottom-style:none;border-bottom-width:0px;border-left-style:none;border-left-width:0px;padding-top:var(--wp--preset--spacing--20);padding-right:var(--wp--preset--spacing--20);padding-bottom:var(--wp--preset--spacing--20);padding-left:var(--wp--preset--spacing--20)\"><div class=\"wp-block-group__inner-container is-layout-constrained wp-container-core-group-is-layout-689b0661 wp-block-group-is-layout-constrained\">\n<p class=\"has-neve-text-color-color has-text-color has-link-color has-medium-font-size wp-elements-93a356b0009853f0706b4b804966ddd5\" style=\"border-style:none;border-width:0px;letter-spacing:0.3px\">Wir \u00fcbernehmen die Steuerung und Koordination Ihrer IT-Projekte \u2013 von der Planung bis zur erfolgreichen Umsetzung. Mit fundierter Expertise und bew\u00e4hrten Methoden sorgen wir f\u00fcr klare Strukturen, termingerechte Abl\u00e4ufe und nachhaltige Ergebnisse.<\/p>\n\n\n\n<p class=\"has-neve-text-color-color has-text-color has-link-color has-medium-font-size wp-elements-6f5c6ae02a6e8e537f73c998914fe8d7\" style=\"letter-spacing:0.3px\">Unsere Leistungen:<\/p>\n\n\n\n<p class=\"has-medium-font-size\">\u2714 <strong>Projektplanung &amp; Strategie<\/strong> \u2013 Zielgerichtete Planung unter Ber\u00fccksichtigung Ihrer Anforderungen und Ressourcen<\/p>\n\n\n\n<p class=\"has-medium-font-size\">\u2714 <strong>Projektmanagement<\/strong> \u2013 Effiziente Steuerung, Kommunikation und \u00dcberwachung aller Prozesse<\/p>\n\n\n\n<p class=\"has-medium-font-size\">\u2714 <strong>Risikomanagement<\/strong> \u2013 Identifikation und Minimierung potenzieller Herausforderungen<\/p>\n\n\n\n<p class=\"has-medium-font-size\">\u2714 <strong>Qualit\u00e4tskontrolle<\/strong> \u2013 Sicherstellung einer reibungslosen und erfolgreichen Umsetzung<\/p>\n\n\n\n<p class=\"has-medium-font-size\">\u2714 <strong>Stakeholder-Management<\/strong> \u2013 Klare Kommunikation mit Teams, Kunden und Partnern<\/p>\n\n\n\n<div style=\"height:20px\" aria-hidden=\"true\" class=\"wp-block-spacer\"><\/div>\n\n\n\n<p class=\"has-medium-font-size\">Verlassen Sie sich auf eine professionelle IT-Projektleitung, die Effizienz und Erfolg garantiert. Kontaktieren Sie uns f\u00fcr eine individuelle Beratung!<\/p>\n\n\n\n<div style=\"height:20px\" aria-hidden=\"true\" class=\"wp-block-spacer\"><\/div>\n\n\n\n<p class=\"has-nv-dark-bg-color has-text-color has-link-color has-medium-font-size wp-elements-ccb1b4f82797b0f16e8601ad1afb88a8\"><em>Verlassen Sie sich auf eine professionelle IT-Projektleitung, die Effizienz und Erfolg garantiert \u2013<\/em> <em><strong><strong><em>zielgerichtet und erfolgsorientiert!<\/em><\/strong><\/strong> <\/em><\/p>\n\n\n\n<p class=\"has-neve-text-color-color has-text-color has-link-color has-medium-font-size wp-elements-0ed442f158a8dc7c94da5ce4a53016f6\" style=\"letter-spacing:0.3px\">F\u00fcr eine individuelle Beratung f\u00fcllen Sie unser <a href=\"https:\/\/digi-partner.ch\/?page_id=147\">Kontaktformular<\/a> aus. Wir setzen uns baldm\u00f6glichst mit Ihnen in Verbindung.<\/p>\n\n\n\n<div class=\"wp-block-buttons is-layout-flex wp-block-buttons-is-layout-flex\">\n<div class=\"wp-block-button has-custom-font-size has-small-font-size\"><a class=\"wp-block-button__link has-neve-link-color-background-color has-background wp-element-button\" href=\"https:\/\/digi-partner.ch\/\">Zur\u00fcck<\/a><\/div>\n<\/div>\n<\/div><\/div>\n\n\n\n<div class=\"wp-block-buttons is-layout-flex wp-block-buttons-is-layout-flex\"><\/div>\n","protected":false},"excerpt":{"rendered":"<p>Wir \u00fcbernehmen die Steuerung und Koordination Ihrer IT-Projekte \u2013 von der Planung bis zur erfolgreichen Umsetzung. Mit fundierter Expertise und bew\u00e4hrten Methoden sorgen wir f\u00fcr klare Strukturen, termingerechte Abl\u00e4ufe und nachhaltige Ergebnisse. Unsere Leistungen: \u2714 Projektplanung &amp; Strategie \u2013 Zielgerichtete Planung unter Ber\u00fccksichtigung Ihrer Anforderungen und Ressourcen \u2714 Projektmanagement \u2013 Effiziente Steuerung, Kommunikation und \u00dcberwachung&hellip;&nbsp;<a href=\"https:\/\/digi-partner.ch\/?page_id=437\" rel=\"bookmark\">Weiterlesen &raquo;<span class=\"screen-reader-text\">Projekte<\/span><\/a><\/p>\n","protected":false},"author":1,"featured_media":0,"parent":0,"menu_order":0,"comment_status":"closed","ping_status":"closed","template":"","meta":{"neve_meta_sidebar":"","neve_meta_container":"","neve_meta_enable_content_width":"","neve_meta_content_width":0,"neve_meta_title_alignment":"","neve_meta_author_avatar":"","neve_post_elements_order":"","neve_meta_disable_header":"off","neve_meta_disable_footer":"","neve_meta_disable_title":"","footnotes":""},"class_list":["post-437","page","type-page","status-publish","hentry"],"yoast_head":"<!-- This site is optimized with the Yoast SEO plugin v27.0 - https:\/\/yoast.com\/product\/yoast-seo-wordpress\/ -->\n<title>Projekte - Unterst\u00fctzung f\u00fcr eine bestimmte Phase<\/title>\n<meta name=\"description\" content=\"Sie suchen Unterst\u00fctzung und m\u00f6chten mit einem Coach ein spezifisches Thema \u00fcber einen begrenzten Zeitraum besprechen um weiterzukommen?\" \/>\n<meta name=\"robots\" content=\"index, follow, max-snippet:-1, max-image-preview:large, max-video-preview:-1\" \/>\n<link rel=\"canonical\" href=\"https:\/\/digi-partner.ch\/?page_id=437\" \/>\n<meta property=\"og:locale\" content=\"de_DE\" \/>\n<meta property=\"og:type\" content=\"article\" \/>\n<meta property=\"og:title\" content=\"Projekte - Unterst\u00fctzung f\u00fcr eine bestimmte Phase\" \/>\n<meta property=\"og:description\" content=\"Sie suchen Unterst\u00fctzung und m\u00f6chten mit einem Coach ein spezifisches Thema \u00fcber einen begrenzten Zeitraum besprechen um weiterzukommen?\" \/>\n<meta property=\"og:url\" content=\"https:\/\/digi-partner.ch\/?page_id=437\" \/>\n<meta property=\"og:site_name\" content=\"Digi-Partner\" \/>\n<meta property=\"article:modified_time\" content=\"2025-03-01T11:08:20+00:00\" \/>\n<meta property=\"og:image\" content=\"https:\/\/digi-partner.ch\/wp-content\/uploads\/2025\/03\/planning_535350.png\" \/>\n\t<meta property=\"og:image:width\" content=\"512\" \/>\n\t<meta property=\"og:image:height\" content=\"512\" \/>\n\t<meta property=\"og:image:type\" content=\"image\/png\" \/>\n<meta name=\"twitter:card\" content=\"summary_large_image\" \/>\n<meta name=\"twitter:label1\" content=\"Gesch\u00e4tzte Lesezeit\" \/>\n\t<meta name=\"twitter:data1\" content=\"1\u00a0Minute\" \/>\n<script type=\"application\/ld+json\" class=\"yoast-schema-graph\">{\"@context\":\"https:\/\/schema.org\",\"@graph\":[{\"@type\":\"WebPage\",\"@id\":\"https:\/\/digi-partner.ch\/?page_id=437\",\"url\":\"https:\/\/digi-partner.ch\/?page_id=437\",\"name\":\"Projekte - Unterst\u00fctzung f\u00fcr eine bestimmte Phase\",\"isPartOf\":{\"@id\":\"https:\/\/digi-partner.ch\/#website\"},\"primaryImageOfPage\":{\"@id\":\"https:\/\/digi-partner.ch\/?page_id=437#primaryimage\"},\"image\":{\"@id\":\"https:\/\/digi-partner.ch\/?page_id=437#primaryimage\"},\"thumbnailUrl\":\"https:\/\/digi-partner.ch\/wp-content\/uploads\/2025\/03\/planning_535350.png\",\"datePublished\":\"2025-01-31T18:50:49+00:00\",\"dateModified\":\"2025-03-01T11:08:20+00:00\",\"description\":\"Sie suchen Unterst\u00fctzung und m\u00f6chten mit einem Coach ein spezifisches Thema \u00fcber einen begrenzten Zeitraum besprechen um weiterzukommen?\",\"breadcrumb\":{\"@id\":\"https:\/\/digi-partner.ch\/?page_id=437#breadcrumb\"},\"inLanguage\":\"de\",\"potentialAction\":[{\"@type\":\"ReadAction\",\"target\":[\"https:\/\/digi-partner.ch\/?page_id=437\"]}]},{\"@type\":\"ImageObject\",\"inLanguage\":\"de\",\"@id\":\"https:\/\/digi-partner.ch\/?page_id=437#primaryimage\",\"url\":\"https:\/\/digi-partner.ch\/wp-content\/uploads\/2025\/03\/planning_535350.png\",\"contentUrl\":\"https:\/\/digi-partner.ch\/wp-content\/uploads\/2025\/03\/planning_535350.png\",\"width\":512,\"height\":512},{\"@type\":\"BreadcrumbList\",\"@id\":\"https:\/\/digi-partner.ch\/?page_id=437#breadcrumb\",\"itemListElement\":[{\"@type\":\"ListItem\",\"position\":1,\"name\":\"Startseite\",\"item\":\"https:\/\/digi-partner.ch\/\"},{\"@type\":\"ListItem\",\"position\":2,\"name\":\"Projekte\"}]},{\"@type\":\"WebSite\",\"@id\":\"https:\/\/digi-partner.ch\/#website\",\"url\":\"https:\/\/digi-partner.ch\/\",\"name\":\"Digi-Partner\",\"description\":\"F\u00fcr Privatpersonen und KMU: Beratung, Coaching, Unterst\u00fctzung, Support und Schulung\",\"publisher\":{\"@id\":\"https:\/\/digi-partner.ch\/#organization\"},\"potentialAction\":[{\"@type\":\"SearchAction\",\"target\":{\"@type\":\"EntryPoint\",\"urlTemplate\":\"https:\/\/digi-partner.ch\/?s={search_term_string}\"},\"query-input\":{\"@type\":\"PropertyValueSpecification\",\"valueRequired\":true,\"valueName\":\"search_term_string\"}}],\"inLanguage\":\"de\"},{\"@type\":\"Organization\",\"@id\":\"https:\/\/digi-partner.ch\/#organization\",\"name\":\"Digi-Partner\",\"url\":\"https:\/\/digi-partner.ch\/\",\"logo\":{\"@type\":\"ImageObject\",\"inLanguage\":\"de\",\"@id\":\"https:\/\/digi-partner.ch\/#\/schema\/logo\/image\/\",\"url\":\"https:\/\/digi-partner.ch\/wp-content\/uploads\/2024\/11\/cropped-1-b69f62ec_transparent-1.png\",\"contentUrl\":\"https:\/\/digi-partner.ch\/wp-content\/uploads\/2024\/11\/cropped-1-b69f62ec_transparent-1.png\",\"width\":200,\"height\":160,\"caption\":\"Digi-Partner\"},\"image\":{\"@id\":\"https:\/\/digi-partner.ch\/#\/schema\/logo\/image\/\"}}]}<\/script>\n<!-- \/ Yoast SEO plugin. -->","yoast_head_json":{"title":"Projekte - Unterst\u00fctzung f\u00fcr eine bestimmte Phase","description":"Sie suchen Unterst\u00fctzung und m\u00f6chten mit einem Coach ein spezifisches Thema \u00fcber einen begrenzten Zeitraum besprechen um weiterzukommen?","robots":{"index":"index","follow":"follow","max-snippet":"max-snippet:-1","max-image-preview":"max-image-preview:large","max-video-preview":"max-video-preview:-1"},"canonical":"https:\/\/digi-partner.ch\/?page_id=437","og_locale":"de_DE","og_type":"article","og_title":"Projekte - Unterst\u00fctzung f\u00fcr eine bestimmte Phase","og_description":"Sie suchen Unterst\u00fctzung und m\u00f6chten mit einem Coach ein spezifisches Thema \u00fcber einen begrenzten Zeitraum besprechen um weiterzukommen?","og_url":"https:\/\/digi-partner.ch\/?page_id=437","og_site_name":"Digi-Partner","article_modified_time":"2025-03-01T11:08:20+00:00","og_image":[{"width":512,"height":512,"url":"https:\/\/digi-partner.ch\/wp-content\/uploads\/2025\/03\/planning_535350.png","type":"image\/png"}],"twitter_card":"summary_large_image","twitter_misc":{"Gesch\u00e4tzte Lesezeit":"1\u00a0Minute"},"schema":{"@context":"https:\/\/schema.org","@graph":[{"@type":"WebPage","@id":"https:\/\/digi-partner.ch\/?page_id=437","url":"https:\/\/digi-partner.ch\/?page_id=437","name":"Projekte - Unterst\u00fctzung f\u00fcr eine bestimmte Phase","isPartOf":{"@id":"https:\/\/digi-partner.ch\/#website"},"primaryImageOfPage":{"@id":"https:\/\/digi-partner.ch\/?page_id=437#primaryimage"},"image":{"@id":"https:\/\/digi-partner.ch\/?page_id=437#primaryimage"},"thumbnailUrl":"https:\/\/digi-partner.ch\/wp-content\/uploads\/2025\/03\/planning_535350.png","datePublished":"2025-01-31T18:50:49+00:00","dateModified":"2025-03-01T11:08:20+00:00","description":"Sie suchen Unterst\u00fctzung und m\u00f6chten mit einem Coach ein spezifisches Thema \u00fcber einen begrenzten Zeitraum besprechen um weiterzukommen?","breadcrumb":{"@id":"https:\/\/digi-partner.ch\/?page_id=437#breadcrumb"},"inLanguage":"de","potentialAction":[{"@type":"ReadAction","target":["https:\/\/digi-partner.ch\/?page_id=437"]}]},{"@type":"ImageObject","inLanguage":"de","@id":"https:\/\/digi-partner.ch\/?page_id=437#primaryimage","url":"https:\/\/digi-partner.ch\/wp-content\/uploads\/2025\/03\/planning_535350.png","contentUrl":"https:\/\/digi-partner.ch\/wp-content\/uploads\/2025\/03\/planning_535350.png","width":512,"height":512},{"@type":"BreadcrumbList","@id":"https:\/\/digi-partner.ch\/?page_id=437#breadcrumb","itemListElement":[{"@type":"ListItem","position":1,"name":"Startseite","item":"https:\/\/digi-partner.ch\/"},{"@type":"ListItem","position":2,"name":"Projekte"}]},{"@type":"WebSite","@id":"https:\/\/digi-partner.ch\/#website","url":"https:\/\/digi-partner.ch\/","name":"Digi-Partner","description":"F\u00fcr Privatpersonen und KMU: Beratung, Coaching, Unterst\u00fctzung, Support und Schulung","publisher":{"@id":"https:\/\/digi-partner.ch\/#organization"},"potentialAction":[{"@type":"SearchAction","target":{"@type":"EntryPoint","urlTemplate":"https:\/\/digi-partner.ch\/?s={search_term_string}"},"query-input":{"@type":"PropertyValueSpecification","valueRequired":true,"valueName":"search_term_string"}}],"inLanguage":"de"},{"@type":"Organization","@id":"https:\/\/digi-partner.ch\/#organization","name":"Digi-Partner","url":"https:\/\/digi-partner.ch\/","logo":{"@type":"ImageObject","inLanguage":"de","@id":"https:\/\/digi-partner.ch\/#\/schema\/logo\/image\/","url":"https:\/\/digi-partner.ch\/wp-content\/uploads\/2024\/11\/cropped-1-b69f62ec_transparent-1.png","contentUrl":"https:\/\/digi-partner.ch\/wp-content\/uploads\/2024\/11\/cropped-1-b69f62ec_transparent-1.png","width":200,"height":160,"caption":"Digi-Partner"},"image":{"@id":"https:\/\/digi-partner.ch\/#\/schema\/logo\/image\/"}}]}},"_links":{"self":[{"href":"https:\/\/digi-partner.ch\/index.php?rest_route=\/wp\/v2\/pages\/437","targetHints":{"allow":["GET"]}}],"collection":[{"href":"https:\/\/digi-partner.ch\/index.php?rest_route=\/wp\/v2\/pages"}],"about":[{"href":"https:\/\/digi-partner.ch\/index.php?rest_route=\/wp\/v2\/types\/page"}],"author":[{"embeddable":true,"href":"https:\/\/digi-partner.ch\/index.php?rest_route=\/wp\/v2\/users\/1"}],"replies":[{"embeddable":true,"href":"https:\/\/digi-partner.ch\/index.php?rest_route=%2Fwp%2Fv2%2Fcomments&post=437"}],"version-history":[{"count":2,"href":"https:\/\/digi-partner.ch\/index.php?rest_route=\/wp\/v2\/pages\/437\/revisions"}],"predecessor-version":[{"id":471,"href":"https:\/\/digi-partner.ch\/index.php?rest_route=\/wp\/v2\/pages\/437\/revisions\/471"}],"wp:attachment":[{"href":"https:\/\/digi-partner.ch\/index.php?rest_route=%2Fwp%2Fv2%2Fmedia&parent=437"}],"curies":[{"name":"wp","href":"https:\/\/api.w.org\/{rel}","templated":true}]}}